{"id":128,"date":"2026-02-22T17:31:09","date_gmt":"2026-02-22T17:31:09","guid":{"rendered":"https:\/\/fineborough.com\/?page_id=128"},"modified":"2026-02-22T17:31:09","modified_gmt":"2026-02-22T17:31:09","slug":"management","status":"publish","type":"page","link":"https:\/\/fineborough.com\/es\/management\/","title":{"rendered":"Gesti\u00f3n Empresarial"},"content":{"rendered":"<h2 class=\"wp-block-heading\">Organizaci\u00f3n y Coordinaci\u00f3n<\/h2>\n\n\n\n<p>Establer objetivos, identificar recursos y definir metas. Adoptar decisiones estrat\u00e9gicas para alcanzar los fines organizacionales de manera eficiente y eficaz.<\/p>\n\n\n\n<h2 class=\"wp-block-heading\">Organizing and Coordinating<\/h2>\n\n\n\n<p>Estructurar equipos, delegar tareas y alinear recursos. Asegurar la cohesi\u00f3n operativa y una comunicaci\u00f3n clara para facilitar el flujo de trabajo y la productividad.<\/p>\n\n\n\n<h2 class=\"wp-block-heading\">Liderazgo y Control<\/h2>\n\n\n\n<p>Guiar y motivar a los colaboradores, fijar est\u00e1ndares de desempe\u00f1o y realizar seguimiento del progreso. Implementar medidas correctivas para mantener la alineaci\u00f3n con los objetivos organizacionales.<\/p>","protected":false},"excerpt":{"rendered":"<p>Planning and Decision-Making Establishing objectives, identifying resources, and setting goals. Making strategic decisions to achieve organizational aims efficiently and effectively. Organizing and Coordinating Structuring teams, delegating tasks, and aligning resources. Ensuring cohesive operations and clear communication to facilitate workflow and productivity. Leading and Controlling Guiding and motivating team members, setting performance standards, and monitoring progress. [&hellip;]<\/p>\n","protected":false},"author":1,"featured_media":26,"parent":0,"menu_order":0,"comment_status":"closed","ping_status":"closed","template":"","meta":{"footnotes":""},"class_list":["post-128","page","type-page","status-publish","has-post-thumbnail","hentry"],"_links":{"self":[{"href":"https:\/\/fineborough.com\/es\/wp-json\/wp\/v2\/pages\/128","targetHints":{"allow":["GET"]}}],"collection":[{"href":"https:\/\/fineborough.com\/es\/wp-json\/wp\/v2\/pages"}],"about":[{"href":"https:\/\/fineborough.com\/es\/wp-json\/wp\/v2\/types\/page"}],"author":[{"embeddable":true,"href":"https:\/\/fineborough.com\/es\/wp-json\/wp\/v2\/users\/1"}],"replies":[{"embeddable":true,"href":"https:\/\/fineborough.com\/es\/wp-json\/wp\/v2\/comments?post=128"}],"version-history":[{"count":1,"href":"https:\/\/fineborough.com\/es\/wp-json\/wp\/v2\/pages\/128\/revisions"}],"predecessor-version":[{"id":129,"href":"https:\/\/fineborough.com\/es\/wp-json\/wp\/v2\/pages\/128\/revisions\/129"}],"wp:featuredmedia":[{"embeddable":true,"href":"https:\/\/fineborough.com\/es\/wp-json\/wp\/v2\/media\/26"}],"wp:attachment":[{"href":"https:\/\/fineborough.com\/es\/wp-json\/wp\/v2\/media?parent=128"}],"curies":[{"name":"wp","href":"https:\/\/api.w.org\/{rel}","templated":true}]}}