{"id":126,"date":"2026-02-22T17:27:09","date_gmt":"2026-02-22T17:27:09","guid":{"rendered":"https:\/\/fineborough.com\/?page_id=126"},"modified":"2026-02-22T17:27:09","modified_gmt":"2026-02-22T17:27:09","slug":"finance","status":"publish","type":"page","link":"https:\/\/fineborough.com\/es\/finance\/","title":{"rendered":"Finanzas"},"content":{"rendered":"<h2 class=\"wp-block-heading\">Mercados Financieros e Inversiones<\/h2>\n\n\n\n<p>Entrega de conocimientos y estrategias para navegar los mercados financieros, optimizar portafolios de inversi\u00f3n y maximizar rendimientos.<\/p>\n\n\n\n<h2 class=\"wp-block-heading\">Finanzas Corporativas<\/h2>\n\n\n\n<p>Asesor\u00eda experta en planificaci\u00f3n financiera, presupuestaci\u00f3n, proyecciones y an\u00e1lisis financiero para fortalecer la salud financiera corporativa y la toma de decisiones.<\/p>\n\n\n\n<h2 class=\"wp-block-heading\">Levantar Capital<\/h2>\n\n\n\n<p>Apoyo a empresas en la obtenci\u00f3n de financiamiento a trav\u00e9s de diversos canales, incluyendo capital de riesgo, capital privado y financiamiento mediante deuda, para impulsar el crecimiento y la expansi\u00f3n.<\/p>","protected":false},"excerpt":{"rendered":"<p>Financial Markets &amp; Investments Providing insights and strategies for navigating financial markets, optimizing investment portfolios, and maximizing returns. Corporate Finance Offering expert advice on financial planning, budgeting, forecasting, and financial analysis to enhance corporate financial health and decision-making. Raising Capital Assisting businesses in securing funding through various channels, including venture capital, private equity, and debt [&hellip;]<\/p>\n","protected":false},"author":1,"featured_media":91,"parent":0,"menu_order":0,"comment_status":"closed","ping_status":"closed","template":"","meta":{"footnotes":""},"class_list":["post-126","page","type-page","status-publish","has-post-thumbnail","hentry"],"_links":{"self":[{"href":"https:\/\/fineborough.com\/es\/wp-json\/wp\/v2\/pages\/126","targetHints":{"allow":["GET"]}}],"collection":[{"href":"https:\/\/fineborough.com\/es\/wp-json\/wp\/v2\/pages"}],"about":[{"href":"https:\/\/fineborough.com\/es\/wp-json\/wp\/v2\/types\/page"}],"author":[{"embeddable":true,"href":"https:\/\/fineborough.com\/es\/wp-json\/wp\/v2\/users\/1"}],"replies":[{"embeddable":true,"href":"https:\/\/fineborough.com\/es\/wp-json\/wp\/v2\/comments?post=126"}],"version-history":[{"count":1,"href":"https:\/\/fineborough.com\/es\/wp-json\/wp\/v2\/pages\/126\/revisions"}],"predecessor-version":[{"id":127,"href":"https:\/\/fineborough.com\/es\/wp-json\/wp\/v2\/pages\/126\/revisions\/127"}],"wp:featuredmedia":[{"embeddable":true,"href":"https:\/\/fineborough.com\/es\/wp-json\/wp\/v2\/media\/91"}],"wp:attachment":[{"href":"https:\/\/fineborough.com\/es\/wp-json\/wp\/v2\/media?parent=126"}],"curies":[{"name":"wp","href":"https:\/\/api.w.org\/{rel}","templated":true}]}}