{"id":122,"date":"2026-02-22T17:16:00","date_gmt":"2026-02-22T17:16:00","guid":{"rendered":"https:\/\/fineborough.com\/?page_id=122"},"modified":"2026-02-22T17:18:20","modified_gmt":"2026-02-22T17:18:20","slug":"international-business","status":"publish","type":"page","link":"https:\/\/fineborough.com\/es\/international-business\/","title":{"rendered":"Negocios Internacionales"},"content":{"rendered":"<h2 class=\"wp-block-heading\">Comercio e Inversi\u00f3n Transfronteriza<\/h2>\n\n\n\n<p>Facilitaci\u00f3n del intercambio de bienes, servicios, tecnolog\u00eda, capital y conocimiento a trav\u00e9s de fronteras nacionales, incluyendo actividades como exportaci\u00f3n, importaci\u00f3n, licenciamiento e inversi\u00f3n extranjera directa.<\/p>\n\n\n\n<h2 class=\"wp-block-heading\">Diversidad Cultural y Regulatoria<\/h2>\n\n\n\n<p>Comprensi\u00f3n y navegaci\u00f3n de entornos culturales, legales y normativos diversos. Adaptaci\u00f3n a las costumbres locales, condiciones de mercado y requisitos de cumplimiento para tener \u00e9xito en mercados extranjeros.<\/p>\n\n\n\n<h2 class=\"wp-block-heading\">Estrategia y Operaciones Globales<\/h2>\n\n\n\n<p>Toma de decisiones estrat\u00e9gicas sobre ingreso a mercados, gesti\u00f3n de cadenas de suministro globales y adaptaci\u00f3n de productos y marketing a diferentes regiones. Establecimiento de divisiones internacionales o alianzas para gestionar operaciones y alcanzar ventajas competitivas a nivel global.<\/p>","protected":false},"excerpt":{"rendered":"<p>Cross-Border Trade and Investment Facilitating the exchange of goods, services, technology, capital, and knowledge across national borders, including activities like exporting, importing, licensing, and foreign direct investment. Cultural and Regulatory Diversity Understanding and navigating diverse cultural, legal, and regulatory environments. Adapting to local customs, market conditions, and compliance requirements to succeed in foreign markets. Global [&hellip;]<\/p>\n","protected":false},"author":1,"featured_media":23,"parent":0,"menu_order":0,"comment_status":"closed","ping_status":"closed","template":"","meta":{"footnotes":""},"class_list":["post-122","page","type-page","status-publish","has-post-thumbnail","hentry"],"_links":{"self":[{"href":"https:\/\/fineborough.com\/es\/wp-json\/wp\/v2\/pages\/122","targetHints":{"allow":["GET"]}}],"collection":[{"href":"https:\/\/fineborough.com\/es\/wp-json\/wp\/v2\/pages"}],"about":[{"href":"https:\/\/fineborough.com\/es\/wp-json\/wp\/v2\/types\/page"}],"author":[{"embeddable":true,"href":"https:\/\/fineborough.com\/es\/wp-json\/wp\/v2\/users\/1"}],"replies":[{"embeddable":true,"href":"https:\/\/fineborough.com\/es\/wp-json\/wp\/v2\/comments?post=122"}],"version-history":[{"count":1,"href":"https:\/\/fineborough.com\/es\/wp-json\/wp\/v2\/pages\/122\/revisions"}],"predecessor-version":[{"id":123,"href":"https:\/\/fineborough.com\/es\/wp-json\/wp\/v2\/pages\/122\/revisions\/123"}],"wp:featuredmedia":[{"embeddable":true,"href":"https:\/\/fineborough.com\/es\/wp-json\/wp\/v2\/media\/23"}],"wp:attachment":[{"href":"https:\/\/fineborough.com\/es\/wp-json\/wp\/v2\/media?parent=122"}],"curies":[{"name":"wp","href":"https:\/\/api.w.org\/{rel}","templated":true}]}}