{"id":120,"date":"2026-02-22T17:09:53","date_gmt":"2026-02-22T17:09:53","guid":{"rendered":"https:\/\/fineborough.com\/?page_id=120"},"modified":"2026-02-22T17:09:53","modified_gmt":"2026-02-22T17:09:53","slug":"business-development","status":"publish","type":"page","link":"https:\/\/fineborough.com\/es\/business-development\/","title":{"rendered":"Desarrollo de Negocios"},"content":{"rendered":"<h2 class=\"wp-block-heading\">Identificaci\u00f3n de Oportunidades <\/h2>\n\n\n\n<p>Investigaci\u00f3n y an\u00e1lisis de tendencias del mercado, necesidades de los clientes y panoramas competitivos para descubrir nuevas oportunidades de negocio y \u00e1reas de crecimiento.<\/p>\n\n\n\n<h2 class=\"wp-block-heading\">Construcci\u00f3n de Relaciones Estrat\u00e9gicas<\/h2>\n\n\n\n<p>Establecimiento y fortalecimiento de alianzas, v\u00ednculos y redes con clientes, actores clave y l\u00edderes de la industria para ampliar el alcance del negocio y generar nuevas v\u00edas de colaboraci\u00f3n.<\/p>\n\n\n\n<h2 class=\"wp-block-heading\">Impulso al Crecimiento del Negocio<\/h2>\n\n\n\n<p>Implementaci\u00f3n de estrategias para aumentar los ingresos, mejorar la rentabilidad y fortalecer la presencia en el mercado a trav\u00e9s de iniciativas comerciales, desarrollo de nuevos productos y expansi\u00f3n hacia nuevos mercados.<\/p>\n\n\n\n<p><\/p>","protected":false},"excerpt":{"rendered":"<p>Identifying Opportunities Researching and analyzing market trends, customer needs, and competitive landscapes to discover new business opportunities and areas for growth. Building Strategic Relationships Establishing and nurturing partnerships, alliances, and networks with clients, stakeholders, and industry leaders to expand the business reach and create new avenues for collaboration. Driving Business Growth Implementing strategies to increase [&hellip;]<\/p>\n","protected":false},"author":1,"featured_media":22,"parent":0,"menu_order":0,"comment_status":"closed","ping_status":"closed","template":"","meta":{"footnotes":""},"class_list":["post-120","page","type-page","status-publish","has-post-thumbnail","hentry"],"_links":{"self":[{"href":"https:\/\/fineborough.com\/es\/wp-json\/wp\/v2\/pages\/120","targetHints":{"allow":["GET"]}}],"collection":[{"href":"https:\/\/fineborough.com\/es\/wp-json\/wp\/v2\/pages"}],"about":[{"href":"https:\/\/fineborough.com\/es\/wp-json\/wp\/v2\/types\/page"}],"author":[{"embeddable":true,"href":"https:\/\/fineborough.com\/es\/wp-json\/wp\/v2\/users\/1"}],"replies":[{"embeddable":true,"href":"https:\/\/fineborough.com\/es\/wp-json\/wp\/v2\/comments?post=120"}],"version-history":[{"count":1,"href":"https:\/\/fineborough.com\/es\/wp-json\/wp\/v2\/pages\/120\/revisions"}],"predecessor-version":[{"id":121,"href":"https:\/\/fineborough.com\/es\/wp-json\/wp\/v2\/pages\/120\/revisions\/121"}],"wp:featuredmedia":[{"embeddable":true,"href":"https:\/\/fineborough.com\/es\/wp-json\/wp\/v2\/media\/22"}],"wp:attachment":[{"href":"https:\/\/fineborough.com\/es\/wp-json\/wp\/v2\/media?parent=120"}],"curies":[{"name":"wp","href":"https:\/\/api.w.org\/{rel}","templated":true}]}}